{"id":1170,"date":"2023-10-29T17:37:44","date_gmt":"2023-10-29T16:37:44","guid":{"rendered":"https:\/\/thbt.es\/escuela\/?page_id=1170"},"modified":"2024-04-29T16:38:36","modified_gmt":"2024-04-29T14:38:36","slug":"brunch-con-amigxs","status":"publish","type":"page","link":"https:\/\/thbt.es\/escuela\/brunch-con-amigxs\/","title":{"rendered":"Brunch con amigxs"},"content":{"rendered":"\t\t<div data-elementor-type=\"wp-page\" data-elementor-id=\"1170\" class=\"elementor elementor-1170\">\n\t\t\t\t\t\t<section class=\"elementor-section elementor-top-section elementor-element elementor-element-f6bbd0b elementor-section-boxed elementor-section-height-default elementor-section-height-default wpr-particle-no wpr-jarallax-no wpr-parallax-no wpr-sticky-section-no\" data-id=\"f6bbd0b\" data-element_type=\"section\">\n\t\t\t\t\t\t<div class=\"elementor-container elementor-column-gap-default\">\n\t\t\t\t\t<div class=\"elementor-column elementor-col-100 elementor-top-column elementor-element elementor-element-9ca0049\" data-id=\"9ca0049\" data-element_type=\"column\">\n\t\t\t<div class=\"elementor-widget-wrap elementor-element-populated\">\n\t\t\t\t\t\t<div class=\"elementor-element elementor-element-7f10afb elementor-widget elementor-widget-spacer\" data-id=\"7f10afb\" data-element_type=\"widget\" data-widget_type=\"spacer.default\">\n\t\t\t\t<div class=\"elementor-widget-container\">\n\t\t\t\t\t\t\t<div class=\"elementor-spacer\">\n\t\t\t<div class=\"elementor-spacer-inner\"><\/div>\n\t\t<\/div>\n\t\t\t\t\t\t<\/div>\n\t\t\t\t<\/div>\n\t\t\t\t\t<\/div>\n\t\t<\/div>\n\t\t\t\t\t<\/div>\n\t\t<\/section>\n\t\t\t\t<section data-wpr-particles=\"{\n    &quot;particles&quot;: {\n        &quot;number&quot;: {\n            &quot;value&quot;: 160,\n            &quot;density&quot;: {\n                &quot;enable&quot;: true,\n                &quot;value_area&quot;: 800\n            }\n        },\n        &quot;color&quot;: {\n            &quot;value&quot;: &quot;#ffffff&quot;\n        },\n        &quot;shape&quot;: {\n            &quot;type&quot;: &quot;circle&quot;,\n            &quot;stroke&quot;: {\n                &quot;width&quot;: 0,\n                &quot;color&quot;: &quot;#000000&quot;\n            },\n            &quot;polygon&quot;: {\n                &quot;nb_sides&quot;: 5\n            },\n            &quot;image&quot;: {\n                &quot;src&quot;: &quot;img\/github.svg&quot;,\n                &quot;width&quot;: 100,\n                &quot;height&quot;: 100\n            }\n        },\n        &quot;opacity&quot;: {\n            &quot;value&quot;: 1,\n            &quot;random&quot;: true,\n            &quot;anim&quot;: {\n                &quot;enable&quot;: true,\n                &quot;speed&quot;: 1,\n                &quot;opacity_min&quot;: 0,\n                &quot;sync&quot;: false\n            }\n        },\n        &quot;size&quot;: {\n            &quot;value&quot;: 3,\n            &quot;random&quot;: true,\n            &quot;anim&quot;: {\n                &quot;enable&quot;: false,\n                &quot;speed&quot;: 4,\n                &quot;size_min&quot;: 0.3,\n                &quot;sync&quot;: false\n            }\n        },\n        &quot;line_linked&quot;: {\n            &quot;enable&quot;: false,\n            &quot;distance&quot;: 150,\n            &quot;color&quot;: &quot;#ffffff&quot;,\n            &quot;opacity&quot;: 0.4,\n            &quot;width&quot;: 1\n        },\n        &quot;move&quot;: {\n            &quot;enable&quot;: true,\n            &quot;speed&quot;: 1,\n            &quot;direction&quot;: &quot;none&quot;,\n            &quot;random&quot;: true,\n            &quot;straight&quot;: false,\n            &quot;out_mode&quot;: &quot;out&quot;,\n            &quot;bounce&quot;: false,\n            &quot;attract&quot;: {\n                &quot;enable&quot;: false,\n                &quot;rotateX&quot;: 600,\n                &quot;rotateY&quot;: 600\n            }\n        }\n    },\n    &quot;interactivity&quot;: {\n        &quot;detect_on&quot;: &quot;canvas&quot;,\n        &quot;events&quot;: {\n            &quot;onhover&quot;: {\n                &quot;enable&quot;: true,\n                &quot;mode&quot;: &quot;bubble&quot;\n            },\n            &quot;onclick&quot;: {\n                &quot;enable&quot;: true,\n                &quot;mode&quot;: &quot;repulse&quot;\n            },\n            &quot;resize&quot;: true\n        },\n        &quot;modes&quot;: {\n            &quot;grab&quot;: {\n                &quot;distance&quot;: 400,\n                &quot;line_linked&quot;: {\n                    &quot;opacity&quot;: 1\n                }\n            },\n            &quot;bubble&quot;: {\n                &quot;distance&quot;: 250,\n                &quot;size&quot;: 0,\n                &quot;duration&quot;: 2,\n                &quot;opacity&quot;: 0,\n                &quot;speed&quot;: 3\n            },\n            &quot;repulse&quot;: {\n                &quot;distance&quot;: 400,\n                &quot;duration&quot;: 0.4\n            },\n            &quot;push&quot;: {\n                &quot;particles_nb&quot;: 4\n            },\n            &quot;remove&quot;: {\n                &quot;particles_nb&quot;: 2\n            }\n        }\n    },\n    &quot;retina_detect&quot;: true\n}\" particle-source=\"wpr_particle_json_custom\" class=\"elementor-section elementor-top-section elementor-element elementor-element-ebb73e5 wpr-particle-yes elementor-section-boxed elementor-section-height-default elementor-section-height-default wpr-jarallax-no wpr-parallax-no wpr-sticky-section-no\" data-id=\"ebb73e5\" data-element_type=\"section\" data-settings=\"{&quot;background_background&quot;:&quot;classic&quot;}\">\n\t\t\t\t\t\t<div class=\"elementor-container elementor-column-gap-default\">\n\t\t\t\t\t<div class=\"elementor-column elementor-col-100 elementor-top-column elementor-element elementor-element-eccbd4f\" data-id=\"eccbd4f\" data-element_type=\"column\">\n\t\t\t<div class=\"elementor-widget-wrap elementor-element-populated\">\n\t\t\t\t\t\t<div class=\"elementor-element elementor-element-fc6b408 elementor-widget elementor-widget-spacer\" data-id=\"fc6b408\" data-element_type=\"widget\" data-widget_type=\"spacer.default\">\n\t\t\t\t<div class=\"elementor-widget-container\">\n\t\t\t\t\t\t\t<div class=\"elementor-spacer\">\n\t\t\t<div class=\"elementor-spacer-inner\"><\/div>\n\t\t<\/div>\n\t\t\t\t\t\t<\/div>\n\t\t\t\t<\/div>\n\t\t\t\t<div class=\"elementor-element elementor-element-7bacddb elementor-widget elementor-widget-heading\" data-id=\"7bacddb\" data-element_type=\"widget\" data-widget_type=\"heading.default\">\n\t\t\t\t<div class=\"elementor-widget-container\">\n\t\t\t\t\t<h1 class=\"elementor-heading-title elementor-size-default\">BRUNCH con AMIGXS<\/h1>\t\t\t\t<\/div>\n\t\t\t\t<\/div>\n\t\t\t\t<div class=\"elementor-element elementor-element-573ea4d elementor-widget elementor-widget-text-editor\" data-id=\"573ea4d\" data-element_type=\"widget\" data-widget_type=\"text-editor.default\">\n\t\t\t\t<div class=\"elementor-widget-container\">\n\t\t\t\t\t\t\t\t\t<p>Te ofrecemos un plan diferente, divertido y delicioso \u00a1Ven a cocinar y desayunar un aut\u00e9ntico BRUNCH!<\/p>\n<p>Puedes reservar nuestro espacio s\u00f3lo para ti y tus amigxs (m\u00ednimo 6 personas) y celebrar tu cumplea\u00f1os, despedida de soltera o simplemente hacer una quedada original y suculenta<\/p>\t\t\t\t\t\t\t\t<\/div>\n\t\t\t\t<\/div>\n\t\t\t\t<div class=\"elementor-element elementor-element-ed621bd animated-slow elementor-invisible elementor-widget elementor-widget-heading\" data-id=\"ed621bd\" data-element_type=\"widget\" data-settings=\"{&quot;_animation&quot;:&quot;pulse&quot;}\" data-widget_type=\"heading.default\">\n\t\t\t\t<div class=\"elementor-widget-container\">\n\t\t\t\t\t<h2 class=\"elementor-heading-title elementor-size-default\">un plan alternativo para tu ma\u00f1ana de s\u00e1bado<\/h2>\t\t\t\t<\/div>\n\t\t\t\t<\/div>\n\t\t\t\t<div class=\"elementor-element elementor-element-d35fef3 elementor-widget elementor-widget-spacer\" data-id=\"d35fef3\" data-element_type=\"widget\" data-widget_type=\"spacer.default\">\n\t\t\t\t<div class=\"elementor-widget-container\">\n\t\t\t\t\t\t\t<div class=\"elementor-spacer\">\n\t\t\t<div class=\"elementor-spacer-inner\"><\/div>\n\t\t<\/div>\n\t\t\t\t\t\t<\/div>\n\t\t\t\t<\/div>\n\t\t\t\t\t<\/div>\n\t\t<\/div>\n\t\t\t\t\t<\/div>\n\t\t<\/section>\n\t\t\t\t<section class=\"elementor-section elementor-top-section elementor-element elementor-element-41f923b elementor-section-boxed elementor-section-height-default elementor-section-height-default wpr-particle-no wpr-jarallax-no wpr-parallax-no wpr-sticky-section-no\" data-id=\"41f923b\" data-element_type=\"section\">\n\t\t\t\t\t\t<div class=\"elementor-container elementor-column-gap-default\">\n\t\t\t\t\t<div class=\"elementor-column elementor-col-100 elementor-top-column elementor-element elementor-element-c6ee926\" data-id=\"c6ee926\" data-element_type=\"column\">\n\t\t\t<div class=\"elementor-widget-wrap elementor-element-populated\">\n\t\t\t\t\t\t<div class=\"elementor-element elementor-element-54e6ae6 elementor-widget elementor-widget-spacer\" data-id=\"54e6ae6\" data-element_type=\"widget\" data-widget_type=\"spacer.default\">\n\t\t\t\t<div class=\"elementor-widget-container\">\n\t\t\t\t\t\t\t<div class=\"elementor-spacer\">\n\t\t\t<div class=\"elementor-spacer-inner\"><\/div>\n\t\t<\/div>\n\t\t\t\t\t\t<\/div>\n\t\t\t\t<\/div>\n\t\t\t\t\t<\/div>\n\t\t<\/div>\n\t\t\t\t\t<\/div>\n\t\t<\/section>\n\t\t\t\t<section class=\"elementor-section elementor-top-section elementor-element elementor-element-d574761 elementor-section-boxed elementor-section-height-default elementor-section-height-default wpr-particle-no wpr-jarallax-no wpr-parallax-no wpr-sticky-section-no\" data-id=\"d574761\" data-element_type=\"section\">\n\t\t\t\t\t\t<div class=\"elementor-container elementor-column-gap-default\">\n\t\t\t\t\t<div class=\"elementor-column elementor-col-33 elementor-top-column elementor-element elementor-element-07c6837\" data-id=\"07c6837\" data-element_type=\"column\">\n\t\t\t<div class=\"elementor-widget-wrap elementor-element-populated\">\n\t\t\t\t\t\t<div class=\"elementor-element elementor-element-2ca117f elementor-position-top elementor-widget elementor-widget-image-box\" data-id=\"2ca117f\" data-element_type=\"widget\" data-widget_type=\"image-box.default\">\n\t\t\t\t<div class=\"elementor-widget-container\">\n\t\t\t\t\t<div class=\"elementor-image-box-wrapper\"><figure class=\"elementor-image-box-img\"><a href=\"https:\/\/thbt.es\/escuela\/contacto\/\" tabindex=\"-1\"><img fetchpriority=\"high\" decoding=\"async\" width=\"2557\" height=\"2560\" src=\"https:\/\/thbt.es\/escuela\/wp-content\/uploads\/sites\/2\/2023\/10\/brunch-con-amigas-scaled.jpg\" class=\"attachment-full size-full wp-image-1179\" alt=\"\" srcset=\"https:\/\/thbt.es\/escuela\/wp-content\/uploads\/sites\/2\/2023\/10\/brunch-con-amigas-scaled.jpg 2557w, https:\/\/thbt.es\/escuela\/wp-content\/uploads\/sites\/2\/2023\/10\/brunch-con-amigas-300x300.jpg 300w, https:\/\/thbt.es\/escuela\/wp-content\/uploads\/sites\/2\/2023\/10\/brunch-con-amigas-1024x1024.jpg 1024w, https:\/\/thbt.es\/escuela\/wp-content\/uploads\/sites\/2\/2023\/10\/brunch-con-amigas-150x150.jpg 150w, https:\/\/thbt.es\/escuela\/wp-content\/uploads\/sites\/2\/2023\/10\/brunch-con-amigas-768x769.jpg 768w, https:\/\/thbt.es\/escuela\/wp-content\/uploads\/sites\/2\/2023\/10\/brunch-con-amigas-1534x1536.jpg 1534w, https:\/\/thbt.es\/escuela\/wp-content\/uploads\/sites\/2\/2023\/10\/brunch-con-amigas-2046x2048.jpg 2046w\" sizes=\"(max-width: 2557px) 100vw, 2557px\" \/><\/a><\/figure><div class=\"elementor-image-box-content\"><h3 class=\"elementor-image-box-title\"><a href=\"https:\/\/thbt.es\/escuela\/contacto\/\">BRUNCH CON AMIGXS<\/a><\/h3><p class=\"elementor-image-box-description\"><p style=\"margin-bottom:0cm\"><b>Duraci\u00f3n<\/b>: 2 horas<\/p>\n\n<p style=\"margin-bottom:0cm\"><b>Participantes<\/b>: m\u00e1ximo 10 adultos\n<\/p>\n\n<p style=\"margin-bottom:0cm\"><b>Precio<\/b>:  35\u20ac por persona<\/p>\n<\/p><\/div><\/div>\t\t\t\t<\/div>\n\t\t\t\t<\/div>\n\t\t\t\t<div class=\"elementor-element elementor-element-f538b3b elementor-align-center elementor-widget elementor-widget-button\" data-id=\"f538b3b\" data-element_type=\"widget\" data-widget_type=\"button.default\">\n\t\t\t\t<div class=\"elementor-widget-container\">\n\t\t\t\t\t\t\t\t\t<div class=\"elementor-button-wrapper\">\n\t\t\t\t\t<a class=\"elementor-button elementor-button-link elementor-size-sm\" href=\"https:\/\/thbt.es\/escuela\/contacto\/\">\n\t\t\t\t\t\t<span class=\"elementor-button-content-wrapper\">\n\t\t\t\t\t\t\t\t\t<span class=\"elementor-button-text\">RESERVA TU PLAZA<\/span>\n\t\t\t\t\t<\/span>\n\t\t\t\t\t<\/a>\n\t\t\t\t<\/div>\n\t\t\t\t\t\t\t\t<\/div>\n\t\t\t\t<\/div>\n\t\t\t\t<div class=\"elementor-element elementor-element-3eb70bc elementor-widget elementor-widget-heading\" data-id=\"3eb70bc\" data-element_type=\"widget\" data-widget_type=\"heading.default\">\n\t\t\t\t<div class=\"elementor-widget-container\">\n\t\t\t\t\t<h2 class=\"elementor-heading-title elementor-size-default\"><u>Consulta disponibilidad<\/u><\/h2>\t\t\t\t<\/div>\n\t\t\t\t<\/div>\n\t\t\t\t<div class=\"elementor-element elementor-element-0119239 elementor-widget elementor-widget-text-editor\" data-id=\"0119239\" data-element_type=\"widget\" data-widget_type=\"text-editor.default\">\n\t\t\t\t<div class=\"elementor-widget-container\">\n\t\t\t\t\t\t\t\t\t<p><span style=\"font-size: 20.8px;\"><b>S\u00e1bados de 10:00 a 12:00h<\/b><\/span><\/p>\t\t\t\t\t\t\t\t<\/div>\n\t\t\t\t<\/div>\n\t\t\t\t\t<\/div>\n\t\t<\/div>\n\t\t\t\t<div class=\"elementor-column elementor-col-66 elementor-top-column elementor-element elementor-element-ed254da\" data-id=\"ed254da\" data-element_type=\"column\">\n\t\t\t<div class=\"elementor-widget-wrap elementor-element-populated\">\n\t\t\t\t\t\t<div class=\"elementor-element elementor-element-904370f elementor-widget elementor-widget-spacer\" data-id=\"904370f\" data-element_type=\"widget\" data-widget_type=\"spacer.default\">\n\t\t\t\t<div class=\"elementor-widget-container\">\n\t\t\t\t\t\t\t<div class=\"elementor-spacer\">\n\t\t\t<div class=\"elementor-spacer-inner\"><\/div>\n\t\t<\/div>\n\t\t\t\t\t\t<\/div>\n\t\t\t\t<\/div>\n\t\t\t\t<div class=\"elementor-element elementor-element-aaeb0da elementor-widget elementor-widget-heading\" data-id=\"aaeb0da\" data-element_type=\"widget\" data-widget_type=\"heading.default\">\n\t\t\t\t<div class=\"elementor-widget-container\">\n\t\t\t\t\t<h2 class=\"elementor-heading-title elementor-size-default\">BRUNCH CON AMIGXS<\/h2>\t\t\t\t<\/div>\n\t\t\t\t<\/div>\n\t\t\t\t<div class=\"elementor-element elementor-element-9d1c6d4 elementor-widget elementor-widget-text-editor\" data-id=\"9d1c6d4\" data-element_type=\"widget\" data-widget_type=\"text-editor.default\">\n\t\t\t\t<div class=\"elementor-widget-container\">\n\t\t\t\t\t\t\t\t\t<p>\u00a1El desayuno es nuestra comida favorita! y adem\u00e1s sabemos que es la ingesta m\u00e1s importante del d\u00eda, por eso nos gusta llenar la mesa con manjares que van a llenar tu ma\u00f1ana de energ\u00eda y fantas\u00eda \ud83d\ude42<\/p>\t\t\t\t\t\t\t\t<\/div>\n\t\t\t\t<\/div>\n\t\t\t\t<div class=\"elementor-element elementor-element-6da77ab elementor-widget elementor-widget-text-editor\" data-id=\"6da77ab\" data-element_type=\"widget\" data-widget_type=\"text-editor.default\">\n\t\t\t\t<div class=\"elementor-widget-container\">\n\t\t\t\t\t\t\t\t\t<p><strong style=\"color: var( --e-global-color-text ); font-size: 1.3rem;\">Contenido<\/strong><\/p><p>Ven a cocinar un delicioso\u00a0<i>brunch\u00a0<\/i>con nosotras<\/p><p>y desayuna con tus amigxs en nuestra acogedora cocina<\/p>\t\t\t\t\t\t\t\t<\/div>\n\t\t\t\t<\/div>\n\t\t\t\t<section class=\"elementor-section elementor-inner-section elementor-element elementor-element-50ae234 elementor-section-boxed elementor-section-height-default elementor-section-height-default wpr-particle-no wpr-jarallax-no wpr-parallax-no wpr-sticky-section-no\" data-id=\"50ae234\" data-element_type=\"section\">\n\t\t\t\t\t\t<div class=\"elementor-container elementor-column-gap-default\">\n\t\t\t\t\t<div class=\"elementor-column elementor-col-33 elementor-inner-column elementor-element elementor-element-81d4977\" data-id=\"81d4977\" data-element_type=\"column\">\n\t\t\t<div class=\"elementor-widget-wrap\">\n\t\t\t\t\t\t\t<\/div>\n\t\t<\/div>\n\t\t\t\t<div class=\"elementor-column elementor-col-33 elementor-inner-column elementor-element elementor-element-15af7b8\" data-id=\"15af7b8\" data-element_type=\"column\">\n\t\t\t<div class=\"elementor-widget-wrap elementor-element-populated\">\n\t\t\t\t\t\t<div class=\"elementor-element elementor-element-c5f38ca elementor-widget elementor-widget-text-editor\" data-id=\"c5f38ca\" data-element_type=\"widget\" data-widget_type=\"text-editor.default\">\n\t\t\t\t<div class=\"elementor-widget-container\">\n\t\t\t\t\t\t\t\t\t<p style=\"text-align: center;\"><span style=\"font-weight: bolder;\">Men\u00fa<\/span><\/p><p style=\"font-size: 20.8px; text-align: center;\">Huevos Benedict\u00a0<\/p><p style=\"font-size: 20.8px; text-align: center;\">Crispy bacon<\/p><p style=\"font-size: 20.8px; text-align: center;\">Gofre de yuca y queso<\/p><p style=\"font-size: 20.8px; text-align: center;\">Mini bundt cake de choco y almendra<\/p>\t\t\t\t\t\t\t\t<\/div>\n\t\t\t\t<\/div>\n\t\t\t\t\t<\/div>\n\t\t<\/div>\n\t\t\t\t<div class=\"elementor-column elementor-col-33 elementor-inner-column elementor-element elementor-element-92e96e8\" data-id=\"92e96e8\" data-element_type=\"column\">\n\t\t\t<div class=\"elementor-widget-wrap\">\n\t\t\t\t\t\t\t<\/div>\n\t\t<\/div>\n\t\t\t\t\t<\/div>\n\t\t<\/section>\n\t\t\t\t<div class=\"elementor-element elementor-element-61965c6 elementor-widget elementor-widget-spacer\" data-id=\"61965c6\" data-element_type=\"widget\" data-widget_type=\"spacer.default\">\n\t\t\t\t<div class=\"elementor-widget-container\">\n\t\t\t\t\t\t\t<div class=\"elementor-spacer\">\n\t\t\t<div class=\"elementor-spacer-inner\"><\/div>\n\t\t<\/div>\n\t\t\t\t\t\t<\/div>\n\t\t\t\t<\/div>\n\t\t\t\t<div class=\"elementor-element elementor-element-4d07777 elementor-widget elementor-widget-text-editor\" data-id=\"4d07777\" data-element_type=\"widget\" data-widget_type=\"text-editor.default\">\n\t\t\t\t<div class=\"elementor-widget-container\">\n\t\t\t\t\t\t\t\t\t<p><span style=\"font-size: 20.8px;\">Nuestras recetas minimizan el uso de harinas de cereales y de az\u00facares a\u00f1adidos, pero si eres cel\u00edacx o tienes alguna alergia\/sensibilidad h\u00e1znoslo saber para que podamos adaptar las recetas y disfrutes sin miedo de la comida.<\/span><\/p>\t\t\t\t\t\t\t\t<\/div>\n\t\t\t\t<\/div>\n\t\t\t\t\t<\/div>\n\t\t<\/div>\n\t\t\t\t\t<\/div>\n\t\t<\/section>\n\t\t\t\t<section class=\"elementor-section elementor-top-section elementor-element elementor-element-2ba576a elementor-section-boxed elementor-section-height-default elementor-section-height-default wpr-particle-no wpr-jarallax-no wpr-parallax-no wpr-sticky-section-no\" data-id=\"2ba576a\" data-element_type=\"section\">\n\t\t\t\t\t\t<div class=\"elementor-container elementor-column-gap-default\">\n\t\t\t\t\t<div class=\"elementor-column elementor-col-100 elementor-top-column elementor-element elementor-element-d9c2d4e\" data-id=\"d9c2d4e\" data-element_type=\"column\">\n\t\t\t<div class=\"elementor-widget-wrap elementor-element-populated\">\n\t\t\t\t\t\t<div class=\"elementor-element elementor-element-3bf01be elementor-widget elementor-widget-spacer\" data-id=\"3bf01be\" data-element_type=\"widget\" data-widget_type=\"spacer.default\">\n\t\t\t\t<div class=\"elementor-widget-container\">\n\t\t\t\t\t\t\t<div class=\"elementor-spacer\">\n\t\t\t<div class=\"elementor-spacer-inner\"><\/div>\n\t\t<\/div>\n\t\t\t\t\t\t<\/div>\n\t\t\t\t<\/div>\n\t\t\t\t\t<\/div>\n\t\t<\/div>\n\t\t\t\t\t<\/div>\n\t\t<\/section>\n\t\t\t\t<section class=\"elementor-section elementor-top-section elementor-element elementor-element-6e9e90a elementor-section-boxed elementor-section-height-default elementor-section-height-default wpr-particle-no wpr-jarallax-no wpr-parallax-no wpr-sticky-section-no\" data-id=\"6e9e90a\" data-element_type=\"section\">\n\t\t\t\t\t\t<div class=\"elementor-container elementor-column-gap-default\">\n\t\t\t\t\t<div class=\"elementor-column elementor-col-100 elementor-top-column elementor-element elementor-element-b5fe0fb\" data-id=\"b5fe0fb\" data-element_type=\"column\">\n\t\t\t<div class=\"elementor-widget-wrap elementor-element-populated\">\n\t\t\t\t\t\t<div class=\"elementor-element elementor-element-623475b wpr-pc-btn-align-fixed wpr-pc-btn-align-fixed-right wpr-pc-btn-icon-right elementor-widget elementor-widget-wpr-phone-call\" data-id=\"623475b\" data-element_type=\"widget\" data-widget_type=\"wpr-phone-call.default\">\n\t\t\t\t<div class=\"elementor-widget-container\">\n\t\t\t\t\t<div class=\"wpr-pc-wrapper\"><a href=\"tel:673738419\" class=\"wpr-pc-btn\"><div class=\"wpr-pc-content\"><span class=\"wpr-pc-text\">Ll\u00e1manos<\/span><span class=\"wpr-pc-btn-icon\"><i class=\"fas fa-phone\"><\/i><\/span><\/div><\/a><\/div>\t\t\t\t<\/div>\n\t\t\t\t<\/div>\n\t\t\t\t\t<\/div>\n\t\t<\/div>\n\t\t\t\t\t<\/div>\n\t\t<\/section>\n\t\t\t\t<\/div>\n\t\t","protected":false},"excerpt":{"rendered":"<p>BRUNCH con AMIGXS Te ofrecemos un plan diferente, divertido y delicioso \u00a1Ven a cocinar y desayunar un aut\u00e9ntico BRUNCH! Puedes reservar nuestro espacio s\u00f3lo para ti y tus amigxs (m\u00ednimo 6 personas) y celebrar tu cumplea\u00f1os, despedida de soltera o simplemente hacer una quedada original y suculenta un plan alternativo para tu ma\u00f1ana de s\u00e1bado BRUNCH CON AMIGXS Duraci\u00f3n: 2 horas Participantes: m\u00e1ximo 10 adultos Precio: 35\u20ac por persona RESERVA TU PLAZA Consulta disponibilidad S\u00e1bados de 10:00 a 12:00h BRUNCH CON AMIGXS \u00a1El desayuno es nuestra comida favorita! y adem\u00e1s sabemos que es la ingesta m\u00e1s importante del d\u00eda, por eso nos gusta llenar la mesa con manjares que van a llenar tu ma\u00f1ana de energ\u00eda y fantas\u00eda \ud83d\ude42 Contenido Ven a cocinar un delicioso\u00a0brunch\u00a0con nosotras y desayuna con tus amigxs en nuestra acogedora cocina Men\u00fa Huevos Benedict\u00a0 Crispy bacon Gofre de yuca y queso Mini bundt cake de choco y almendra Nuestras recetas minimizan el uso de harinas de cereales y de az\u00facares a\u00f1adidos, pero si eres cel\u00edacx o tienes alguna alergia\/sensibilidad h\u00e1znoslo saber para que podamos adaptar las recetas y disfrutes sin miedo de la comida. Ll\u00e1manos<\/p>\n","protected":false},"author":1,"featured_media":0,"parent":0,"menu_order":0,"comment_status":"closed","ping_status":"closed","template":"elementor_canvas","meta":{"om_disable_all_campaigns":false,"_monsterinsights_skip_tracking":false,"_monsterinsights_sitenote_active":false,"_monsterinsights_sitenote_note":"","_monsterinsights_sitenote_category":0,"footnotes":""},"class_list":["post-1170","page","type-page","status-publish","hentry"],"aioseo_notices":[],"_links":{"self":[{"href":"https:\/\/thbt.es\/escuela\/wp-json\/wp\/v2\/pages\/1170","targetHints":{"allow":["GET"]}}],"collection":[{"href":"https:\/\/thbt.es\/escuela\/wp-json\/wp\/v2\/pages"}],"about":[{"href":"https:\/\/thbt.es\/escuela\/wp-json\/wp\/v2\/types\/page"}],"author":[{"embeddable":true,"href":"https:\/\/thbt.es\/escuela\/wp-json\/wp\/v2\/users\/1"}],"replies":[{"embeddable":true,"href":"https:\/\/thbt.es\/escuela\/wp-json\/wp\/v2\/comments?post=1170"}],"version-history":[{"count":25,"href":"https:\/\/thbt.es\/escuela\/wp-json\/wp\/v2\/pages\/1170\/revisions"}],"predecessor-version":[{"id":1704,"href":"https:\/\/thbt.es\/escuela\/wp-json\/wp\/v2\/pages\/1170\/revisions\/1704"}],"wp:attachment":[{"href":"https:\/\/thbt.es\/escuela\/wp-json\/wp\/v2\/media?parent=1170"}],"curies":[{"name":"wp","href":"https:\/\/api.w.org\/{rel}","templated":true}]}}