{"id":1512,"date":"2024-01-01T16:39:43","date_gmt":"2024-01-01T15:39:43","guid":{"rendered":"https:\/\/thbt.es\/escuela\/?page_id=1512"},"modified":"2025-12-20T08:54:17","modified_gmt":"2025-12-20T07:54:17","slug":"recetas","status":"publish","type":"page","link":"https:\/\/thbt.es\/escuela\/recetas\/","title":{"rendered":"Recetas"},"content":{"rendered":"\t\t<div data-elementor-type=\"wp-page\" data-elementor-id=\"1512\" class=\"elementor elementor-1512\">\n\t\t\t\t\t\t<section class=\"elementor-section elementor-top-section elementor-element elementor-element-96ed9c2 elementor-section-boxed elementor-section-height-default elementor-section-height-default wpr-particle-no wpr-jarallax-no wpr-parallax-no wpr-sticky-section-no\" data-id=\"96ed9c2\" data-element_type=\"section\">\n\t\t\t\t\t\t<div class=\"elementor-container elementor-column-gap-default\">\n\t\t\t\t\t<div class=\"elementor-column elementor-col-100 elementor-top-column elementor-element elementor-element-d22d86a\" data-id=\"d22d86a\" data-element_type=\"column\">\n\t\t\t<div class=\"elementor-widget-wrap elementor-element-populated\">\n\t\t\t\t\t\t<div class=\"elementor-element elementor-element-e56385a elementor-widget elementor-widget-heading\" data-id=\"e56385a\" data-element_type=\"widget\" data-widget_type=\"heading.default\">\n\t\t\t\t<div class=\"elementor-widget-container\">\n\t\t\t\t\t<h1 class=\"elementor-heading-title elementor-size-default\">Polvorones 0,0<\/h1>\t\t\t\t<\/div>\n\t\t\t\t<\/div>\n\t\t\t\t<div class=\"elementor-element elementor-element-0d62204 elementor-widget elementor-widget-heading\" data-id=\"0d62204\" data-element_type=\"widget\" data-widget_type=\"heading.default\">\n\t\t\t\t<div class=\"elementor-widget-container\">\n\t\t\t\t\t<h2 class=\"elementor-heading-title elementor-size-default\">sin gluten y sin az\u00facar<\/h2>\t\t\t\t<\/div>\n\t\t\t\t<\/div>\n\t\t\t\t<div class=\"elementor-element elementor-element-6f80dbd elementor-widget elementor-widget-spacer\" data-id=\"6f80dbd\" data-element_type=\"widget\" data-widget_type=\"spacer.default\">\n\t\t\t\t<div class=\"elementor-widget-container\">\n\t\t\t\t\t\t\t<div class=\"elementor-spacer\">\n\t\t\t<div class=\"elementor-spacer-inner\"><\/div>\n\t\t<\/div>\n\t\t\t\t\t\t<\/div>\n\t\t\t\t<\/div>\n\t\t\t\t<div class=\"elementor-element elementor-element-8ad91ee elementor-widget elementor-widget-text-editor\" data-id=\"8ad91ee\" data-element_type=\"widget\" data-widget_type=\"text-editor.default\">\n\t\t\t\t<div class=\"elementor-widget-container\">\n\t\t\t\t\t\t\t\t\t<p>Adapt\u00e9 esta receta <i><b>pensando en mi mam\u00e1 (diab\u00e9tica e intolerante al gluten) y mis pacientes con c\u00e1ndida<\/b><\/i>&nbsp;que tienen restringido el consumo de az\u00facares. El resultado, para mi gusto, es maravilloso y nada tiene que envidiarle a un polvor\u00f3n de toda la vida. Lo \u00fanico que puedes echar de menos es el color tostado del trigo&#8230; pero creo que el cambio compensa mucho a nivel de salud.<\/p>\t\t\t\t\t\t\t\t<\/div>\n\t\t\t\t<\/div>\n\t\t\t\t\t<\/div>\n\t\t<\/div>\n\t\t\t\t\t<\/div>\n\t\t<\/section>\n\t\t\t\t<section class=\"elementor-section elementor-top-section elementor-element elementor-element-9c6621d elementor-section-boxed elementor-section-height-default elementor-section-height-default wpr-particle-no wpr-jarallax-no wpr-parallax-no wpr-sticky-section-no\" data-id=\"9c6621d\" data-element_type=\"section\">\n\t\t\t\t\t\t<div class=\"elementor-container elementor-column-gap-default\">\n\t\t\t\t\t<div class=\"elementor-column elementor-col-33 elementor-top-column elementor-element elementor-element-aefcd5d\" data-id=\"aefcd5d\" data-element_type=\"column\">\n\t\t\t<div class=\"elementor-widget-wrap elementor-element-populated\">\n\t\t\t\t\t\t<div class=\"elementor-element elementor-element-718fdaa elementor-widget elementor-widget-image\" data-id=\"718fdaa\" data-element_type=\"widget\" data-widget_type=\"image.default\">\n\t\t\t\t<div class=\"elementor-widget-container\">\n\t\t\t\t\t\t\t\t\t\t\t\t\t\t\t<img fetchpriority=\"high\" decoding=\"async\" width=\"960\" height=\"910\" src=\"https:\/\/thbt.es\/escuela\/wp-content\/uploads\/sites\/2\/2024\/01\/VideoCapture_20231230-142312-e1704123871540-1024x971.jpg\" class=\"attachment-large size-large wp-image-1517\" alt=\"\" srcset=\"https:\/\/thbt.es\/escuela\/wp-content\/uploads\/sites\/2\/2024\/01\/VideoCapture_20231230-142312-e1704123871540-1024x971.jpg 1024w, https:\/\/thbt.es\/escuela\/wp-content\/uploads\/sites\/2\/2024\/01\/VideoCapture_20231230-142312-e1704123871540-300x284.jpg 300w, https:\/\/thbt.es\/escuela\/wp-content\/uploads\/sites\/2\/2024\/01\/VideoCapture_20231230-142312-e1704123871540-768x728.jpg 768w, https:\/\/thbt.es\/escuela\/wp-content\/uploads\/sites\/2\/2024\/01\/VideoCapture_20231230-142312-e1704123871540.jpg 1079w\" sizes=\"(max-width: 960px) 100vw, 960px\" \/>\t\t\t\t\t\t\t\t\t\t\t\t\t\t\t<\/div>\n\t\t\t\t<\/div>\n\t\t\t\t<section class=\"elementor-section elementor-inner-section elementor-element elementor-element-255f723 elementor-section-boxed elementor-section-height-default elementor-section-height-default wpr-particle-no wpr-jarallax-no wpr-parallax-no wpr-sticky-section-no\" data-id=\"255f723\" data-element_type=\"section\" data-settings=\"{&quot;background_background&quot;:&quot;classic&quot;}\">\n\t\t\t\t\t\t<div class=\"elementor-container elementor-column-gap-default\">\n\t\t\t\t\t<div class=\"elementor-column elementor-col-100 elementor-inner-column elementor-element elementor-element-b14797f\" data-id=\"b14797f\" data-element_type=\"column\">\n\t\t\t<div class=\"elementor-widget-wrap elementor-element-populated\">\n\t\t\t\t\t\t<div class=\"elementor-element elementor-element-0378f5f elementor-widget elementor-widget-spacer\" data-id=\"0378f5f\" data-element_type=\"widget\" data-widget_type=\"spacer.default\">\n\t\t\t\t<div class=\"elementor-widget-container\">\n\t\t\t\t\t\t\t<div class=\"elementor-spacer\">\n\t\t\t<div class=\"elementor-spacer-inner\"><\/div>\n\t\t<\/div>\n\t\t\t\t\t\t<\/div>\n\t\t\t\t<\/div>\n\t\t\t\t<div class=\"elementor-element elementor-element-d1d8388 elementor-widget elementor-widget-heading\" data-id=\"d1d8388\" data-element_type=\"widget\" data-widget_type=\"heading.default\">\n\t\t\t\t<div class=\"elementor-widget-container\">\n\t\t\t\t\t<h2 class=\"elementor-heading-title elementor-size-default\"><u>Ingredientes <\/u>(para 15-18 uds)<\/h2>\t\t\t\t<\/div>\n\t\t\t\t<\/div>\n\t\t\t\t<div class=\"elementor-element elementor-element-2e559b1 elementor-widget elementor-widget-text-editor\" data-id=\"2e559b1\" data-element_type=\"widget\" data-widget_type=\"text-editor.default\">\n\t\t\t\t<div class=\"elementor-widget-container\">\n\t\t\t\t\t\t\t\t\t<p>150g harina de trigo sarraceno<\/p><p>50g harina de arroz<\/p><p>100g manteca de cerdo ib\u00e9rico<\/p><p>100g eritritol glass<\/p><p>60g harina de almendra<\/p><p>canela\/ralladura de lim\u00f3n<\/p><p>\u00a0<\/p>\t\t\t\t\t\t\t\t<\/div>\n\t\t\t\t<\/div>\n\t\t\t\t<div class=\"elementor-element elementor-element-d33d208 elementor-widget elementor-widget-heading\" data-id=\"d33d208\" data-element_type=\"widget\" data-widget_type=\"heading.default\">\n\t\t\t\t<div class=\"elementor-widget-container\">\n\t\t\t\t\t<h2 class=\"elementor-heading-title elementor-size-default\"><u>Tiempo de preparaci\u00f3n<\/u><\/h2>\t\t\t\t<\/div>\n\t\t\t\t<\/div>\n\t\t\t\t<div class=\"elementor-element elementor-element-5fca875 elementor-widget elementor-widget-text-editor\" data-id=\"5fca875\" data-element_type=\"widget\" data-widget_type=\"text-editor.default\">\n\t\t\t\t<div class=\"elementor-widget-container\">\n\t\t\t\t\t\t\t\t\t<p>60-90 min tostar, mezclar y cortar<\/p><p>5 min de horno<\/p>\t\t\t\t\t\t\t\t<\/div>\n\t\t\t\t<\/div>\n\t\t\t\t<div class=\"elementor-element elementor-element-edc9615 elementor-widget elementor-widget-spacer\" data-id=\"edc9615\" data-element_type=\"widget\" data-widget_type=\"spacer.default\">\n\t\t\t\t<div class=\"elementor-widget-container\">\n\t\t\t\t\t\t\t<div class=\"elementor-spacer\">\n\t\t\t<div class=\"elementor-spacer-inner\"><\/div>\n\t\t<\/div>\n\t\t\t\t\t\t<\/div>\n\t\t\t\t<\/div>\n\t\t\t\t\t<\/div>\n\t\t<\/div>\n\t\t\t\t\t<\/div>\n\t\t<\/section>\n\t\t\t\t\t<\/div>\n\t\t<\/div>\n\t\t\t\t<div class=\"elementor-column elementor-col-66 elementor-top-column elementor-element elementor-element-7215d2b\" data-id=\"7215d2b\" data-element_type=\"column\">\n\t\t\t<div class=\"elementor-widget-wrap elementor-element-populated\">\n\t\t\t\t\t\t<div class=\"elementor-element elementor-element-339c9fb elementor-widget elementor-widget-spacer\" data-id=\"339c9fb\" data-element_type=\"widget\" data-widget_type=\"spacer.default\">\n\t\t\t\t<div class=\"elementor-widget-container\">\n\t\t\t\t\t\t\t<div class=\"elementor-spacer\">\n\t\t\t<div class=\"elementor-spacer-inner\"><\/div>\n\t\t<\/div>\n\t\t\t\t\t\t<\/div>\n\t\t\t\t<\/div>\n\t\t\t\t<div class=\"elementor-element elementor-element-b23a984 elementor-widget elementor-widget-heading\" data-id=\"b23a984\" data-element_type=\"widget\" data-widget_type=\"heading.default\">\n\t\t\t\t<div class=\"elementor-widget-container\">\n\t\t\t\t\t<h2 class=\"elementor-heading-title elementor-size-default\">Elaboraci\u00f3n<\/h2>\t\t\t\t<\/div>\n\t\t\t\t<\/div>\n\t\t\t\t<div class=\"elementor-element elementor-element-d10a93d elementor-widget elementor-widget-text-editor\" data-id=\"d10a93d\" data-element_type=\"widget\" data-widget_type=\"text-editor.default\">\n\t\t\t\t<div class=\"elementor-widget-container\">\n\t\t\t\t\t\t\t\t\t<p>En una sart\u00e9n a fuego medio (inducci\u00f3n al 4-6) <b>tuesta la mezcla de harinas<\/b> de trigo sarraceno y arroz, para quitarles la humedad. No dejes de removerlas cada cierto tiempo, para evitar que se quemen. Este proceso puede llevarte un rato, sobre todo si haces grandes cantidades. Ver\u00e1s que van cambiando ligeramente de color y en un momento dado aparece un aroma tostado que te indica que est\u00e1 listo.<\/p><p>En un bol <b>mezcla la manteca de cerdo con el <i>eritritol glass<\/i><\/b>\u00a0integr\u00e1ndolos bien con una cuchara. <b>Incorpora la harina de almendra y la canela <\/b>para hacer el polvor\u00f3n cl\u00e1sico,<b> o bien de ralladura de lim\u00f3n<\/b>\u00a0si lo prefieres de este sabor (tambi\u00e9n puedes hacerlos con toque a naranja, a coco, a pumpkin spice&#8230; )<\/p><p><b>A\u00f1ade la mezcla de harinas tostadas<\/b> poco a poco y cuando la masa ya sea demasiado densa para mover con la cuchara usa tus propias manos para darle forma. <i>Aviso importante: huele y sabe que alucinas<\/i>, hay peligro de que no lleguen al horno! \ud83d\ude00\u00a0<\/p><p>Te quedar\u00e1 una bola que tendr\u00e1s que amasar al grosor aproximado de un dedo. Ahora elige un cortador (yo suelo usar un vasito medidor de 5cm de di\u00e1metro, cuando los quiero redondos, pero otras veces elijo las formas fantas\u00eda de los cortadores de galletas: carita de gato, estrella, coraz\u00f3n&#8230;).\u00a0<\/p><p>Disp\u00f3n tus creaciones en una bandeja de horno forrada de papel o con un <i>mat de silicona platino<\/i> y <b>hornea con calor arriba y abajo, a 180\u00baC.<\/b>\u00a0El tiempo va a depender mucho de la forma y el grosor, los m\u00edo de 5cm est\u00e1n listos en 5min, pero si cambias la forma y grosor tendr\u00e1s que modificar el tiempo de horneado.<\/p><p>Puedes ver la receta en video en mi\u00a0<a href=\"https:\/\/vm.tiktok.com\/ZGeY3fQ7K\/\" target=\"_blank\" rel=\"noopener\">tiktok\u00a0<\/a>y en mi\u00a0<a href=\"https:\/\/www.instagram.com\/reel\/C1kKTtYNCdu\/?utm_source=ig_web_copy_link&amp;igsh=MzRlODBiNWFlZA==\" target=\"_blank\" rel=\"noopener\">insta<\/a>.<\/p>\t\t\t\t\t\t\t\t<\/div>\n\t\t\t\t<\/div>\n\t\t\t\t\t<\/div>\n\t\t<\/div>\n\t\t\t\t\t<\/div>\n\t\t<\/section>\n\t\t\t\t<section class=\"elementor-section elementor-top-section elementor-element elementor-element-ec7851a elementor-section-boxed elementor-section-height-default elementor-section-height-default wpr-particle-no wpr-jarallax-no wpr-parallax-no wpr-sticky-section-no\" data-id=\"ec7851a\" data-element_type=\"section\">\n\t\t\t\t\t\t<div class=\"elementor-container elementor-column-gap-default\">\n\t\t\t\t\t<div class=\"elementor-column elementor-col-100 elementor-top-column elementor-element elementor-element-7273248\" data-id=\"7273248\" data-element_type=\"column\">\n\t\t\t<div class=\"elementor-widget-wrap elementor-element-populated\">\n\t\t\t\t\t\t<div class=\"elementor-element elementor-element-76aa9c3 elementor-widget elementor-widget-spacer\" data-id=\"76aa9c3\" data-element_type=\"widget\" data-widget_type=\"spacer.default\">\n\t\t\t\t<div class=\"elementor-widget-container\">\n\t\t\t\t\t\t\t<div class=\"elementor-spacer\">\n\t\t\t<div class=\"elementor-spacer-inner\"><\/div>\n\t\t<\/div>\n\t\t\t\t\t\t<\/div>\n\t\t\t\t<\/div>\n\t\t\t\t<div class=\"elementor-element elementor-element-40e1a6d elementor-widget elementor-widget-heading\" data-id=\"40e1a6d\" data-element_type=\"widget\" data-widget_type=\"heading.default\">\n\t\t\t\t<div class=\"elementor-widget-container\">\n\t\t\t\t\t<h2 class=\"elementor-heading-title elementor-size-default\">Truquitos y consejos<\/h2>\t\t\t\t<\/div>\n\t\t\t\t<\/div>\n\t\t\t\t<div class=\"elementor-element elementor-element-733c6a3 elementor-widget elementor-widget-text-editor\" data-id=\"733c6a3\" data-element_type=\"widget\" data-widget_type=\"text-editor.default\">\n\t\t\t\t<div class=\"elementor-widget-container\">\n\t\t\t\t\t\t\t\t\t<p>Si quieres que tenga todav\u00eda <u>menos carbohidratos<\/u> puedes sustituir los 50g de arroz por m\u00e1s trigo sarraceno.\u00a0<\/p><p>El uso de manteca de cerdo es la tradici\u00f3n del polvor\u00f3n, pero si prefieres una <u>opci\u00f3n vegana<\/u> siempre puedes sustituir con <i>aceite de coco<\/i> (aunque es probable que var\u00eden las cantidades)<\/p><p>Si no encuentras en tienda el <u>eritritol glass<\/u> lo puedes hacer con un molinillo de caf\u00e9 o especias (as\u00ed lo hago yo). Es importante que est\u00e9 as\u00ed para que no quede basto y luego puedes usarlo para espolvorear y darles el toque final navide\u00f1o \ud83d\ude09<\/p><p>Te animo a probar con ralladura de lim\u00f3n, naranja, azahar, cacao, coco, etc. y crea tus propios <u>mantecados de sabores<\/u>.<\/p><p>Los papelillos\u00a0 puedes encontrarlos en tiendas de reposter\u00eda o en amazon\u00a0https:\/\/amzn.to\/45llZsD\u00a0<\/p>\t\t\t\t\t\t\t\t<\/div>\n\t\t\t\t<\/div>\n\t\t\t\t\t<\/div>\n\t\t<\/div>\n\t\t\t\t\t<\/div>\n\t\t<\/section>\n\t\t\t\t<\/div>\n\t\t","protected":false},"excerpt":{"rendered":"<p>Polvorones 0,0 sin gluten y sin az\u00facar Adapt\u00e9 esta receta pensando en mi mam\u00e1 (diab\u00e9tica e intolerante al gluten) y mis pacientes con c\u00e1ndida&nbsp;que tienen restringido el consumo de az\u00facares. El resultado, para mi gusto, es maravilloso y nada tiene que envidiarle a un polvor\u00f3n de toda la vida. Lo \u00fanico que puedes echar de menos es el color tostado del trigo&#8230; pero creo que el cambio compensa mucho a nivel de salud. Ingredientes (para 15-18 uds) 150g harina de trigo sarraceno 50g harina de arroz 100g manteca de cerdo ib\u00e9rico 100g eritritol glass 60g harina de almendra canela\/ralladura de lim\u00f3n \u00a0 Tiempo de preparaci\u00f3n 60-90 min tostar, mezclar y cortar 5 min de horno Elaboraci\u00f3n En una sart\u00e9n a fuego medio (inducci\u00f3n al 4-6) tuesta la mezcla de harinas de trigo sarraceno y arroz, para quitarles la humedad. No dejes de removerlas cada cierto tiempo, para evitar que se quemen. Este proceso puede llevarte un rato, sobre todo si haces grandes cantidades. Ver\u00e1s que van cambiando ligeramente de color y en un momento dado aparece un aroma tostado que te indica que est\u00e1 listo. En un bol mezcla la manteca de cerdo con el eritritol glass\u00a0integr\u00e1ndolos bien con una cuchara. Incorpora la harina de almendra y la canela para hacer el polvor\u00f3n cl\u00e1sico, o bien de ralladura de lim\u00f3n\u00a0si lo prefieres de este sabor (tambi\u00e9n puedes hacerlos con toque a naranja, a coco, a pumpkin spice&#8230; ) A\u00f1ade la mezcla de harinas tostadas poco a poco y cuando la masa ya sea demasiado densa para mover con la cuchara usa tus propias manos para darle forma. Aviso importante: huele y sabe que alucinas, hay peligro de que no lleguen al horno! \ud83d\ude00\u00a0 Te quedar\u00e1 una bola que tendr\u00e1s que amasar al grosor aproximado de un dedo. Ahora elige un cortador (yo suelo usar un vasito medidor de 5cm de di\u00e1metro, cuando los quiero redondos, pero otras veces elijo las formas fantas\u00eda de los cortadores de galletas: carita de gato, estrella, coraz\u00f3n&#8230;).\u00a0 Disp\u00f3n tus creaciones en una bandeja de horno forrada de papel o con un mat de silicona platino y hornea con calor arriba y abajo, a 180\u00baC.\u00a0El tiempo va a depender mucho de la forma y el grosor, los m\u00edo de 5cm est\u00e1n listos en 5min, pero si cambias la forma y grosor tendr\u00e1s que modificar el tiempo de horneado. Puedes ver la receta en video en mi\u00a0tiktok\u00a0y en mi\u00a0insta. Truquitos y consejos Si quieres que tenga todav\u00eda menos carbohidratos puedes sustituir los 50g de arroz por m\u00e1s trigo sarraceno.\u00a0 El uso de manteca de cerdo es la tradici\u00f3n del polvor\u00f3n, pero si prefieres una opci\u00f3n vegana siempre puedes sustituir con aceite de coco (aunque es probable que var\u00eden las cantidades) Si no encuentras en tienda el eritritol glass lo puedes hacer con un molinillo de caf\u00e9 o especias (as\u00ed lo hago yo). Es importante que est\u00e9 as\u00ed para que no quede basto y luego puedes usarlo para espolvorear y darles el toque final navide\u00f1o \ud83d\ude09 Te animo a probar con ralladura de lim\u00f3n, naranja, azahar, cacao, coco, etc. y crea tus propios mantecados de sabores. Los papelillos\u00a0 puedes encontrarlos en tiendas de reposter\u00eda o en amazon\u00a0https:\/\/amzn.to\/45llZsD\u00a0<\/p>\n","protected":false},"author":1,"featured_media":0,"parent":0,"menu_order":0,"comment_status":"closed","ping_status":"closed","template":"","meta":{"om_disable_all_campaigns":false,"_monsterinsights_skip_tracking":false,"_monsterinsights_sitenote_active":false,"_monsterinsights_sitenote_note":"","_monsterinsights_sitenote_category":0,"footnotes":""},"class_list":["post-1512","page","type-page","status-publish","hentry"],"aioseo_notices":[],"_links":{"self":[{"href":"https:\/\/thbt.es\/escuela\/wp-json\/wp\/v2\/pages\/1512","targetHints":{"allow":["GET"]}}],"collection":[{"href":"https:\/\/thbt.es\/escuela\/wp-json\/wp\/v2\/pages"}],"about":[{"href":"https:\/\/thbt.es\/escuela\/wp-json\/wp\/v2\/types\/page"}],"author":[{"embeddable":true,"href":"https:\/\/thbt.es\/escuela\/wp-json\/wp\/v2\/users\/1"}],"replies":[{"embeddable":true,"href":"https:\/\/thbt.es\/escuela\/wp-json\/wp\/v2\/comments?post=1512"}],"version-history":[{"count":37,"href":"https:\/\/thbt.es\/escuela\/wp-json\/wp\/v2\/pages\/1512\/revisions"}],"predecessor-version":[{"id":2619,"href":"https:\/\/thbt.es\/escuela\/wp-json\/wp\/v2\/pages\/1512\/revisions\/2619"}],"wp:attachment":[{"href":"https:\/\/thbt.es\/escuela\/wp-json\/wp\/v2\/media?parent=1512"}],"curies":[{"name":"wp","href":"https:\/\/api.w.org\/{rel}","templated":true}]}}